{"id":2360,"date":"2024-10-07T21:43:01","date_gmt":"2024-10-07T20:43:01","guid":{"rendered":"https:\/\/staylowsurf.com\/?page_id=2360"},"modified":"2024-12-21T15:15:40","modified_gmt":"2024-12-21T15:15:40","slug":"polityka-rezerwacji-i-anulowania","status":"publish","type":"page","link":"https:\/\/staylowsurf.com\/pl\/booking-and-cancellation-policy\/","title":{"rendered":"Polityka rezerwacji i anulowania"},"content":{"rendered":"<h4 class=\"wp-block-heading\">Przedp\u0142ata \/ P\u0142atno\u015b\u0107<\/h4>\n\n\n\n<p class=\"wp-block-paragraph\">Aby potwierdzi\u0107 rezerwacj\u0119 w Stay Low Surf, wymagana jest przedp\u0142ata w wysoko\u015bci 30%. P\u0142atno\u015b\u0107 ta powinna zosta\u0107 dokonana przelewem bankowym na wskazany rachunek bankowy podany przez Stay Low Surf. Po otrzymaniu p\u0142atno\u015bci Twoja rezerwacja zostanie potwierdzona.<\/p>\n\n\n\n<p class=\"wp-block-paragraph\">Pozosta\u0142\u0105 kwot\u0119 nale\u017cy zap\u0142aci\u0107 przy zameldowaniu, got\u00f3wk\u0105.<\/p>\n\n\n\n<h4 class=\"wp-block-heading\">Polityka Zmian i Anulowania<\/h4>\n\n\n\n<ul class=\"wp-block-list\">\n<li><strong>Zmiany w rezerwacji:<\/strong> Go\u015bcie mog\u0105 modyfikowa\u0107 swoje rezerwacje w dowolnym momencie, kontaktuj\u0105c si\u0119 z zespo\u0142em Stay Low Surf. Zmiany s\u0105 mo\u017cliwe w tym samym roku kalendarzowym, je\u015bli dost\u0119pne s\u0105 alternatywne daty lub opcje. Je\u015bli pro\u015bba o zmian\u0119 zostanie z\u0142o\u017cona na ponad 30 dni przed dat\u0105 zameldowania, nie zostanie naliczona \u017cadna op\u0142ata za zmian\u0119.<\/li>\n\n\n\n<li><strong>Polityka anulowania rezerwacji:<\/strong>\n<ul class=\"wp-block-list\">\n<li>W przypadku anulowania rezerwacji na ponad 60 dni przed dat\u0105 zameldowania, przedp\u0142ata zostanie zwr\u00f3cona w ca\u0142o\u015bci.<\/li>\n\n\n\n<li>W przypadku anulowania rezerwacji na mniej ni\u017c 60 dni przed dat\u0105 zameldowania, Stay Low Surf zastrzega sobie prawo do zatrzymania zaliczki jako op\u0142aty za anulowanie.<\/li>\n\n\n\n<li>Rezerwacje, w kt\u00f3rych daty zosta\u0142y ju\u017c zmienione, nie mog\u0105 zosta\u0107 anulowane ze zwrotem koszt\u00f3w.<\/li>\n<\/ul>\n<\/li>\n\n\n\n<li><strong>Anulowanie przez Stay Low Surf:<\/strong> W ma\u0142o prawdopodobnym przypadku, gdy Stay Low Surf b\u0119dzie zmuszone odwo\u0142a\u0107 rezerwacj\u0119, pe\u0142na przedp\u0142ata zostanie zwr\u00f3cona go\u015bciowi.<\/li>\n<\/ul>\n\n\n\n<h4 class=\"wp-block-heading\">Zameldowanie \/ Wymeldowanie<\/h4>\n\n\n\n<ul class=\"wp-block-list\">\n<li><strong>Zameldowanie:<\/strong> Od 16:00 do 22:00. Za przyjazd po godzinie 22:00 pobierana b\u0119dzie op\u0142ata za p\u00f3\u017ane zameldowanie w wysoko\u015bci 20 EUR za pok\u00f3j.<\/li>\n\n\n\n<li><strong>Us\u0142uga odbioru<\/strong> Odbi\u00f3r ze stacji autobusowej musi by\u0107 zarezerwowany co najmniej jeden dzie\u0144 wcze\u015bniej, z podaniem szacowanego czasu przyjazdu.<\/li>\n\n\n\n<li>W celu uzyskania pomocy po przyje\u017adzie prosimy o kontakt pod numerem +351 919 424 951.<\/li>\n<\/ul>\n\n\n\n<h4 class=\"wp-block-heading\">Lekcje surfingu<\/h4>\n\n\n\n<ul class=\"wp-block-list\">\n<li>Zaj\u0119cia surfingu w pakiecie obozu surfingowego s\u0105 bezzwrotne i nieprzenoszalne, z wyj\u0105tkiem sytuacji kontuzji podczas zaj\u0119\u0107.<\/li>\n\n\n\n<li>Go\u015bcie musz\u0105 \u015bci\u015ble przestrzega\u0107 instrukcji przekazanych przez instruktora surfingu i stosowa\u0107 si\u0119 do wszystkich wskaz\u00f3wek bezpiecze\u0144stwa.<\/li>\n\n\n\n<li>W przypadku urazu podczas zaj\u0119\u0107, prosimy o natychmiastowe poinformowanie instruktora.<\/li>\n\n\n\n<li>Zaj\u0119cia mog\u0105 zosta\u0107 prze\u0142o\u017cone lub odwo\u0142ane z powodu warunk\u00f3w pogodowych lub innych nieprzewidzianych okoliczno\u015bci. Wszelkie takie zmiany zostan\u0105 uwzgl\u0119dnione w ramach pobytu go\u015bcia, ale Stay Low Surf nie ponosi odpowiedzialno\u015bci za te dostosowania.<\/li>\n<\/ul>\n\n\n\n<h4 class=\"wp-block-heading\">Ubezpieczenie<\/h4>\n\n\n\n<p class=\"wp-block-paragraph\">Stay Low Surf zapewnia ubezpieczenie od wypadk\u00f3w osobistych, kt\u00f3re maj\u0105 miejsce podczas lekcji surfingu. Ubezpieczenie to nie obejmuje wypadk\u00f3w, kt\u00f3re zdarz\u0105 si\u0119 przed lub po lekcji surfingu lub podczas sesji swobodnego surfowania. Wi\u0119cej informacji na temat zakresu ubezpieczenia mo\u017cna uzyska\u0107 kontaktuj\u0105c si\u0119 z Stay Low Surf.<\/p>\n\n\n\n<h4 class=\"wp-block-heading\">Dodatkowe zaj\u0119cia<\/h4>\n\n\n\n<p class=\"wp-block-paragraph\">Stay Low Surf nie ponosi odpowiedzialno\u015bci za \u017cadne dodatkowe us\u0142ugi oferowane przez partner\u00f3w lub firmy trzecie. Udzia\u0142 w tych aktywno\u015bciach odbywa si\u0119 na w\u0142asne ryzyko go\u015bcia.<\/p>","protected":false},"excerpt":{"rendered":"<p>Pre-payment \/ Payment To confirm a booking with Stay Low Surf, a 30% pre-payment is required. This payment should be made by bank transfer to the designated bank account provided by Stay Low Surf. Once the payment is received, your booking will be confirmed. The remaining balance must be paid upon check-in, in cash. Changing [&hellip;]<\/p>\n","protected":false},"author":243384793,"featured_media":0,"parent":0,"menu_order":0,"comment_status":"closed","ping_status":"closed","template":"","meta":{"_crdt_document":"","om_disable_all_campaigns":false,"_uag_custom_page_level_css":"","_monsterinsights_skip_tracking":false,"_monsterinsights_sitenote_active":false,"_monsterinsights_sitenote_note":"","_monsterinsights_sitenote_category":0,"site-sidebar-layout":"default","site-content-layout":"","ast-site-content-layout":"default","site-content-style":"default","site-sidebar-style":"default","ast-global-header-display":"","ast-banner-title-visibility":"","ast-main-header-display":"","ast-hfb-above-header-display":"","ast-hfb-below-header-display":"","ast-hfb-mobile-header-display":"","site-post-title":"","ast-breadcrumbs-content":"","ast-featured-img":"","footer-sml-layout":"","theme-transparent-header-meta":"","adv-header-id-meta":"","stick-header-meta":"","header-above-stick-meta":"","header-main-stick-meta":"","header-below-stick-meta":"","astra-migrate-meta-layouts":"set","ast-page-background-enabled":"default","ast-page-background-meta":{"desktop":{"background-color":"var(--ast-global-color-4)","background-image":"","background-repeat":"repeat","background-position":"center center","background-size":"auto","background-attachment":"scroll","background-type":"","background-media":"","overlay-type":"","overlay-color":"","overlay-gradient":""},"tablet":{"background-color":"","background-image":"","background-repeat":"repeat","background-position":"center center","background-size":"auto","background-attachment":"scroll","background-type":"","background-media":"","overlay-type":"","overlay-color":"","overlay-gradient":""},"mobile":{"background-color":"","background-image":"","background-repeat":"repeat","background-position":"center center","background-size":"auto","background-attachment":"scroll","background-type":"","background-media":"","overlay-type":"","overlay-color":"","overlay-gradient":""}},"ast-content-background-meta":{"desktop":{"background-color":"var(--ast-global-color-5)","background-image":"","background-repeat":"repeat","background-position":"center center","background-size":"auto","background-attachment":"scroll","background-type":"","background-media":"","overlay-type":"","overlay-color":"","overlay-gradient":""},"tablet":{"background-color":"var(--ast-global-color-5)","background-image":"","background-repeat":"repeat","background-position":"center center","background-size":"auto","background-attachment":"scroll","background-type":"","background-media":"","overlay-type":"","overlay-color":"","overlay-gradient":""},"mobile":{"background-color":"var(--ast-global-color-5)","background-image":"","background-repeat":"repeat","background-position":"center center","background-size":"auto","background-attachment":"scroll","background-type":"","background-media":"","overlay-type":"","overlay-color":"","overlay-gradient":""}},"footnotes":""},"class_list":["post-2360","page","type-page","status-publish","hentry"],"aioseo_notices":[],"spectra_custom_meta":{"_edit_lock":["1734802447:243384793"],"_last_editor_used_jetpack":["block-editor"],"om_disable_all_campaigns":[""],"_uag_custom_page_level_css":[""],"_monsterinsights_skip_tracking":[""],"_monsterinsights_sitenote_active":[""],"ast-site-content-layout":["default"],"theme-transparent-header-meta":[""],"adv-header-id-meta":[""],"stick-header-meta":[""],"astra-migrate-meta-layouts":["set"],"_jetpack_post_was_ever_published":[""],"_starter_page_template":["blank"],"_wpcom_template_layout_category":["a:1:{i:0;s:5:\"posts\";}"],"footnotes":[""],"_edit_last":["243384793"],"_aioseo_title":[null],"_aioseo_description":[null],"_aioseo_keywords":["a:0:{}"],"_aioseo_og_title":[null],"_aioseo_og_description":[null],"_aioseo_og_article_section":[""],"_aioseo_og_article_tags":["a:0:{}"],"_aioseo_twitter_title":[null],"_aioseo_twitter_description":[null],"_uag_css_file_name":["uag-css-2360.css"],"_uagb_previous_block_counts":["a:90:{s:21:\"uagb\/advanced-heading\";i:0;s:15:\"uagb\/blockquote\";i:0;s:12:\"uagb\/buttons\";i:0;s:18:\"uagb\/buttons-child\";i:0;s:19:\"uagb\/call-to-action\";i:0;s:15:\"uagb\/cf7-styler\";i:0;s:11:\"uagb\/column\";i:0;s:12:\"uagb\/columns\";i:0;s:14:\"uagb\/container\";i:0;s:21:\"uagb\/content-timeline\";i:0;s:27:\"uagb\/content-timeline-child\";i:0;s:14:\"uagb\/countdown\";i:0;s:12:\"uagb\/counter\";i:0;s:8:\"uagb\/faq\";i:0;s:14:\"uagb\/faq-child\";i:0;s:10:\"uagb\/forms\";i:0;s:17:\"uagb\/forms-accept\";i:0;s:19:\"uagb\/forms-checkbox\";i:0;s:15:\"uagb\/forms-date\";i:0;s:16:\"uagb\/forms-email\";i:0;s:17:\"uagb\/forms-hidden\";i:0;s:15:\"uagb\/forms-name\";i:0;s:16:\"uagb\/forms-phone\";i:0;s:16:\"uagb\/forms-radio\";i:0;s:17:\"uagb\/forms-select\";i:0;s:19:\"uagb\/forms-textarea\";i:0;s:17:\"uagb\/forms-toggle\";i:0;s:14:\"uagb\/forms-url\";i:0;s:14:\"uagb\/gf-styler\";i:0;s:15:\"uagb\/google-map\";i:0;s:11:\"uagb\/how-to\";i:0;s:16:\"uagb\/how-to-step\";i:0;s:9:\"uagb\/icon\";i:0;s:14:\"uagb\/icon-list\";i:0;s:20:\"uagb\/icon-list-child\";i:0;s:10:\"uagb\/image\";i:0;s:18:\"uagb\/image-gallery\";i:0;s:13:\"uagb\/info-box\";i:0;s:18:\"uagb\/inline-notice\";i:0;s:11:\"uagb\/lottie\";i:0;s:21:\"uagb\/marketing-button\";i:0;s:10:\"uagb\/modal\";i:0;s:18:\"uagb\/popup-builder\";i:0;s:16:\"uagb\/post-button\";i:0;s:18:\"uagb\/post-carousel\";i:0;s:17:\"uagb\/post-excerpt\";i:0;s:14:\"uagb\/post-grid\";i:0;s:15:\"uagb\/post-image\";i:0;s:17:\"uagb\/post-masonry\";i:0;s:14:\"uagb\/post-meta\";i:0;s:18:\"uagb\/post-taxonomy\";i:0;s:18:\"uagb\/post-timeline\";i:0;s:15:\"uagb\/post-title\";i:0;s:20:\"uagb\/restaurant-menu\";i:0;s:26:\"uagb\/restaurant-menu-child\";i:0;s:11:\"uagb\/review\";i:0;s:12:\"uagb\/section\";i:0;s:14:\"uagb\/separator\";i:0;s:11:\"uagb\/slider\";i:0;s:17:\"uagb\/slider-child\";i:0;s:17:\"uagb\/social-share\";i:0;s:23:\"uagb\/social-share-child\";i:0;s:16:\"uagb\/star-rating\";i:0;s:23:\"uagb\/sure-cart-checkout\";i:0;s:22:\"uagb\/sure-cart-product\";i:0;s:15:\"uagb\/sure-forms\";i:0;s:22:\"uagb\/table-of-contents\";i:0;s:9:\"uagb\/tabs\";i:0;s:15:\"uagb\/tabs-child\";i:0;s:18:\"uagb\/taxonomy-list\";i:0;s:9:\"uagb\/team\";i:0;s:16:\"uagb\/testimonial\";i:0;s:14:\"uagb\/wp-search\";i:0;s:19:\"uagb\/instagram-feed\";i:0;s:10:\"uagb\/login\";i:0;s:17:\"uagb\/loop-builder\";i:0;s:18:\"uagb\/loop-category\";i:0;s:20:\"uagb\/loop-pagination\";i:0;s:15:\"uagb\/loop-reset\";i:0;s:16:\"uagb\/loop-search\";i:0;s:14:\"uagb\/loop-sort\";i:0;s:17:\"uagb\/loop-wrapper\";i:0;s:13:\"uagb\/register\";i:0;s:19:\"uagb\/register-email\";i:0;s:24:\"uagb\/register-first-name\";i:0;s:23:\"uagb\/register-last-name\";i:0;s:22:\"uagb\/register-password\";i:0;s:30:\"uagb\/register-reenter-password\";i:0;s:19:\"uagb\/register-terms\";i:0;s:22:\"uagb\/register-username\";i:0;}"],"_uag_page_assets":["a:9:{s:3:\"css\";s:260:\".uag-blocks-common-selector{z-index:var(--z-index-desktop) !important}@media(max-width: 976px){.uag-blocks-common-selector{z-index:var(--z-index-tablet) !important}}@media(max-width: 767px){.uag-blocks-common-selector{z-index:var(--z-index-mobile) !important}}\";s:2:\"js\";s:0:\"\";s:18:\"current_block_list\";a:10:{i:0;s:12:\"core\/heading\";i:1;s:14:\"core\/paragraph\";i:2;s:9:\"core\/list\";i:3;s:14:\"core\/list-item\";i:4;s:11:\"core\/search\";i:5;s:10:\"core\/group\";i:6;s:17:\"core\/latest-posts\";i:7;s:20:\"core\/latest-comments\";i:8;s:13:\"core\/archives\";i:9;s:15:\"core\/categories\";}s:8:\"uag_flag\";b:0;s:11:\"uag_version\";s:10:\"1777208544\";s:6:\"gfonts\";a:0:{}s:10:\"gfonts_url\";s:0:\"\";s:12:\"gfonts_files\";a:0:{}s:14:\"uag_faq_layout\";b:0;}"]},"uagb_featured_image_src":{"full":false,"thumbnail":false,"medium":false,"medium_large":false,"large":false,"1536x1536":false,"2048x2048":false,"trp-custom-language-flag":false,"newspack-article-block-landscape-large":false,"newspack-article-block-portrait-large":false,"newspack-article-block-square-large":false,"newspack-article-block-landscape-medium":false,"newspack-article-block-portrait-medium":false,"newspack-article-block-square-medium":false,"newspack-article-block-landscape-intermediate":false,"newspack-article-block-portrait-intermediate":false,"newspack-article-block-square-intermediate":false,"newspack-article-block-landscape-small":false,"newspack-article-block-portrait-small":false,"newspack-article-block-square-small":false,"newspack-article-block-landscape-tiny":false,"newspack-article-block-portrait-tiny":false,"newspack-article-block-square-tiny":false,"newspack-article-block-uncropped":false},"uagb_author_info":{"display_name":"rodrigocampos10","author_link":"https:\/\/staylowsurf.com\/pl\/author\/rodrigocampos10\/"},"uagb_comment_info":0,"uagb_excerpt":"Pre-payment \/ Payment To confirm a booking with Stay Low Surf, a 30% pre-payment is required. This payment should be made by bank transfer to the designated bank account provided by Stay Low Surf. Once the payment is received, your booking will be confirmed. The remaining balance must be paid upon check-in, in cash. Changing&hellip;","jetpack_likes_enabled":true,"jetpack_sharing_enabled":true,"jetpack_shortlink":"https:\/\/wp.me\/PflvEZ-C4","jetpack-related-posts":[],"_links":{"self":[{"href":"https:\/\/staylowsurf.com\/pl\/wp-json\/wp\/v2\/pages\/2360","targetHints":{"allow":["GET"]}}],"collection":[{"href":"https:\/\/staylowsurf.com\/pl\/wp-json\/wp\/v2\/pages"}],"about":[{"href":"https:\/\/staylowsurf.com\/pl\/wp-json\/wp\/v2\/types\/page"}],"author":[{"embeddable":true,"href":"https:\/\/staylowsurf.com\/pl\/wp-json\/wp\/v2\/users\/243384793"}],"replies":[{"embeddable":true,"href":"https:\/\/staylowsurf.com\/pl\/wp-json\/wp\/v2\/comments?post=2360"}],"version-history":[{"count":2,"href":"https:\/\/staylowsurf.com\/pl\/wp-json\/wp\/v2\/pages\/2360\/revisions"}],"predecessor-version":[{"id":2362,"href":"https:\/\/staylowsurf.com\/pl\/wp-json\/wp\/v2\/pages\/2360\/revisions\/2362"}],"wp:attachment":[{"href":"https:\/\/staylowsurf.com\/pl\/wp-json\/wp\/v2\/media?parent=2360"}],"curies":[{"name":"wp","href":"https:\/\/api.w.org\/{rel}","templated":true}]}}