{"id":2360,"date":"2024-10-07T21:43:01","date_gmt":"2024-10-07T20:43:01","guid":{"rendered":"https:\/\/staylowsurf.com\/?page_id=2360"},"modified":"2024-12-21T15:15:40","modified_gmt":"2024-12-21T15:15:40","slug":"buchungs-und-stornierungsbedingungen","status":"publish","type":"page","link":"https:\/\/staylowsurf.com\/de\/booking-and-cancellation-policy\/","title":{"rendered":"Buchungs- und Stornierungsbedingungen"},"content":{"rendered":"<h4 class=\"wp-block-heading\">Vorauszahlung \/ Zahlung<\/h4>\n\n\n\n<p class=\"wp-block-paragraph\">Zur Best\u00e4tigung einer Buchung bei Stay Low Surf ist eine Anzahlung von 30% erforderlich. Diese Zahlung sollte per Bank\u00fcberweisung auf das von Stay Low Surf angegebene Bankkonto erfolgen. Sobald die Zahlung eingegangen ist, wird Ihre Buchung best\u00e4tigt.<\/p>\n\n\n\n<p class=\"wp-block-paragraph\">Der Restbetrag muss bei Anreise in bar bezahlt werden.<\/p>\n\n\n\n<h4 class=\"wp-block-heading\">\u00c4nderungs- und Stornierungsbedingungen<\/h4>\n\n\n\n<ul class=\"wp-block-list\">\n<li><strong>\u00c4nderungen an der Buchung:<\/strong> G\u00e4ste k\u00f6nnen ihre Buchung jederzeit \u00e4ndern, indem sie sich an das Stay Low Surf Team wenden. \u00c4nderungen sind innerhalb desselben Kalenderjahres m\u00f6glich, sofern alternative Termine oder Optionen verf\u00fcgbar sind. Wenn die \u00c4nderungsanfrage mehr als 30 Tage vor dem Check-in-Datum gestellt wird, fallen keine \u00c4nderungsgeb\u00fchren an.<\/li>\n\n\n\n<li><strong>Stornierungsbedingungen<\/strong>\n<ul class=\"wp-block-list\">\n<li>Bei Stornierungen, die mehr als 60 Tage vor dem Anreisedatum erfolgen, wird die Vorauszahlung vollst\u00e4ndig erstattet.<\/li>\n\n\n\n<li>Bei Stornierungen, die weniger als 60 Tage vor dem Anreisedatum erfolgen, beh\u00e4lt sich Stay Low Surf das Recht vor, die geleistete Anzahlung als Stornierungsgeb\u00fchr einzubehalten.<\/li>\n\n\n\n<li>Buchungen, deren Daten bereits ge\u00e4ndert wurden, k\u00f6nnen nicht mit R\u00fcckerstattung storniert werden.<\/li>\n<\/ul>\n<\/li>\n\n\n\n<li><strong>Stornierung durch Stay Low Surf:<\/strong> F\u00fcr den unwahrscheinlichen Fall, dass Stay Low Surf eine Buchung stornieren muss, wird die vollst\u00e4ndige Vorauszahlung dem Gast zur\u00fcckerstattet.<\/li>\n<\/ul>\n\n\n\n<h4 class=\"wp-block-heading\">Anmeldung \/ Abmeldung<\/h4>\n\n\n\n<ul class=\"wp-block-list\">\n<li><strong>Check-in<\/strong> Zwischen 16:00 und 22:00 Uhr. F\u00fcr Anreisen nach 22:00 Uhr wird eine sp\u00e4te Anreisegeb\u00fchr von 20 \u20ac pro Zimmer erhoben.<\/li>\n\n\n\n<li><strong>Abholservice<\/strong> Busbahnhof-Abholungen m\u00fcssen mindestens einen Tag im Voraus geplant werden, wobei die voraussichtliche Ankunftszeit angegeben wird.<\/li>\n\n\n\n<li>F\u00fcr Unterst\u00fctzung bei Ihrer Ankunft kontaktieren Sie bitte +351 919 424 951.<\/li>\n<\/ul>\n\n\n\n<h4 class=\"wp-block-heading\">Surfkurse<\/h4>\n\n\n\n<ul class=\"wp-block-list\">\n<li>Surfkurse, die im Surf-Camp-Paket enthalten sind, sind nicht \u00fcbertragbar und nicht erstattungsf\u00e4hig, au\u00dfer im Falle einer Verletzung w\u00e4hrend des Kurses.<\/li>\n\n\n\n<li>G\u00e4ste m\u00fcssen die Anweisungen ihres Surflehrers genau befolgen und alle Sicherheitsrichtlinien einhalten.<\/li>\n\n\n\n<li>Im Falle einer Verletzung w\u00e4hrend des Unterrichts informieren Sie bitte umgehend Ihren Ausbilder.<\/li>\n\n\n\n<li>Klassen k\u00f6nnen aufgrund von Wetterbedingungen oder anderen unvorhergesehenen Umst\u00e4nden verschoben oder abgesagt werden. Alle \u00c4nderungen werden w\u00e4hrend des Aufenthalts des Gastes ber\u00fccksichtigt, Stay Low Surf \u00fcbernimmt jedoch keine Verantwortung f\u00fcr diese Anpassungen.<\/li>\n<\/ul>\n\n\n\n<h4 class=\"wp-block-heading\">Versicherung<\/h4>\n\n\n\n<p class=\"wp-block-paragraph\">Stay Low Surf bietet Versicherungsschutz f\u00fcr Personenunf\u00e4lle, die w\u00e4hrend Surfkursen auftreten. Diese Versicherung erstreckt sich nicht auf Unf\u00e4lle, die vor oder nach dem Surfunterricht oder w\u00e4hrend freier Surfsessions auftreten. F\u00fcr weitere Informationen zum Versicherungsschutz wenden Sie sich bitte an Stay Low Surf.<\/p>\n\n\n\n<h4 class=\"wp-block-heading\">Zus\u00e4tzliche Aktivit\u00e4ten<\/h4>\n\n\n\n<p class=\"wp-block-paragraph\">Stay Low Surf haftet nicht f\u00fcr zus\u00e4tzliche Aktivit\u00e4ten, die von Drittpartnern oder Unternehmen angeboten werden. Die Teilnahme an diesen Aktivit\u00e4ten erfolgt auf eigenes Risiko des Gastes.<\/p>","protected":false},"excerpt":{"rendered":"<p>Pre-payment \/ Payment To confirm a booking with Stay Low Surf, a 30% pre-payment is required. This payment should be made by bank transfer to the designated bank account provided by Stay Low Surf. Once the payment is received, your booking will be confirmed. The remaining balance must be paid upon check-in, in cash. Changing [&hellip;]<\/p>\n","protected":false},"author":243384793,"featured_media":0,"parent":0,"menu_order":0,"comment_status":"closed","ping_status":"closed","template":"","meta":{"_crdt_document":"","om_disable_all_campaigns":false,"_uag_custom_page_level_css":"","_monsterinsights_skip_tracking":false,"_monsterinsights_sitenote_active":false,"_monsterinsights_sitenote_note":"","_monsterinsights_sitenote_category":0,"site-sidebar-layout":"default","site-content-layout":"","ast-site-content-layout":"default","site-content-style":"default","site-sidebar-style":"default","ast-global-header-display":"","ast-banner-title-visibility":"","ast-main-header-display":"","ast-hfb-above-header-display":"","ast-hfb-below-header-display":"","ast-hfb-mobile-header-display":"","site-post-title":"","ast-breadcrumbs-content":"","ast-featured-img":"","footer-sml-layout":"","theme-transparent-header-meta":"","adv-header-id-meta":"","stick-header-meta":"","header-above-stick-meta":"","header-main-stick-meta":"","header-below-stick-meta":"","astra-migrate-meta-layouts":"set","ast-page-background-enabled":"default","ast-page-background-meta":{"desktop":{"background-color":"var(--ast-global-color-4)","background-image":"","background-repeat":"repeat","background-position":"center center","background-size":"auto","background-attachment":"scroll","background-type":"","background-media":"","overlay-type":"","overlay-color":"","overlay-gradient":""},"tablet":{"background-color":"","background-image":"","background-repeat":"repeat","background-position":"center center","background-size":"auto","background-attachment":"scroll","background-type":"","background-media":"","overlay-type":"","overlay-color":"","overlay-gradient":""},"mobile":{"background-color":"","background-image":"","background-repeat":"repeat","background-position":"center center","background-size":"auto","background-attachment":"scroll","background-type":"","background-media":"","overlay-type":"","overlay-color":"","overlay-gradient":""}},"ast-content-background-meta":{"desktop":{"background-color":"var(--ast-global-color-5)","background-image":"","background-repeat":"repeat","background-position":"center center","background-size":"auto","background-attachment":"scroll","background-type":"","background-media":"","overlay-type":"","overlay-color":"","overlay-gradient":""},"tablet":{"background-color":"var(--ast-global-color-5)","background-image":"","background-repeat":"repeat","background-position":"center center","background-size":"auto","background-attachment":"scroll","background-type":"","background-media":"","overlay-type":"","overlay-color":"","overlay-gradient":""},"mobile":{"background-color":"var(--ast-global-color-5)","background-image":"","background-repeat":"repeat","background-position":"center center","background-size":"auto","background-attachment":"scroll","background-type":"","background-media":"","overlay-type":"","overlay-color":"","overlay-gradient":""}},"footnotes":""},"class_list":["post-2360","page","type-page","status-publish","hentry"],"aioseo_notices":[],"spectra_custom_meta":{"_edit_lock":["1734802447:243384793"],"_last_editor_used_jetpack":["block-editor"],"om_disable_all_campaigns":[""],"_uag_custom_page_level_css":[""],"_monsterinsights_skip_tracking":[""],"_monsterinsights_sitenote_active":[""],"ast-site-content-layout":["default"],"theme-transparent-header-meta":[""],"adv-header-id-meta":[""],"stick-header-meta":[""],"astra-migrate-meta-layouts":["set"],"_jetpack_post_was_ever_published":[""],"_starter_page_template":["blank"],"_wpcom_template_layout_category":["a:1:{i:0;s:5:\"posts\";}"],"footnotes":[""],"_edit_last":["243384793"],"_aioseo_title":[null],"_aioseo_description":[null],"_aioseo_keywords":["a:0:{}"],"_aioseo_og_title":[null],"_aioseo_og_description":[null],"_aioseo_og_article_section":[""],"_aioseo_og_article_tags":["a:0:{}"],"_aioseo_twitter_title":[null],"_aioseo_twitter_description":[null],"_uag_css_file_name":["uag-css-2360.css"],"_uag_page_assets":["a:9:{s:3:\"css\";s:263:\".uag-blocks-common-selector{z-index:var(--z-index-desktop) !important}@media (max-width: 976px){.uag-blocks-common-selector{z-index:var(--z-index-tablet) !important}}@media (max-width: 767px){.uag-blocks-common-selector{z-index:var(--z-index-mobile) !important}}\n\";s:2:\"js\";s:0:\"\";s:18:\"current_block_list\";a:10:{i:0;s:12:\"core\/heading\";i:1;s:14:\"core\/paragraph\";i:2;s:9:\"core\/list\";i:3;s:14:\"core\/list-item\";i:4;s:11:\"core\/search\";i:5;s:10:\"core\/group\";i:6;s:17:\"core\/latest-posts\";i:7;s:20:\"core\/latest-comments\";i:8;s:13:\"core\/archives\";i:9;s:15:\"core\/categories\";}s:8:\"uag_flag\";b:0;s:11:\"uag_version\";s:10:\"1776732883\";s:6:\"gfonts\";a:0:{}s:10:\"gfonts_url\";s:0:\"\";s:12:\"gfonts_files\";a:0:{}s:14:\"uag_faq_layout\";b:0;}"],"_uagb_previous_block_counts":["a:90:{s:21:\"uagb\/advanced-heading\";i:0;s:15:\"uagb\/blockquote\";i:0;s:12:\"uagb\/buttons\";i:0;s:18:\"uagb\/buttons-child\";i:0;s:19:\"uagb\/call-to-action\";i:0;s:15:\"uagb\/cf7-styler\";i:0;s:11:\"uagb\/column\";i:0;s:12:\"uagb\/columns\";i:0;s:14:\"uagb\/container\";i:0;s:21:\"uagb\/content-timeline\";i:0;s:27:\"uagb\/content-timeline-child\";i:0;s:14:\"uagb\/countdown\";i:0;s:12:\"uagb\/counter\";i:0;s:8:\"uagb\/faq\";i:0;s:14:\"uagb\/faq-child\";i:0;s:10:\"uagb\/forms\";i:0;s:17:\"uagb\/forms-accept\";i:0;s:19:\"uagb\/forms-checkbox\";i:0;s:15:\"uagb\/forms-date\";i:0;s:16:\"uagb\/forms-email\";i:0;s:17:\"uagb\/forms-hidden\";i:0;s:15:\"uagb\/forms-name\";i:0;s:16:\"uagb\/forms-phone\";i:0;s:16:\"uagb\/forms-radio\";i:0;s:17:\"uagb\/forms-select\";i:0;s:19:\"uagb\/forms-textarea\";i:0;s:17:\"uagb\/forms-toggle\";i:0;s:14:\"uagb\/forms-url\";i:0;s:14:\"uagb\/gf-styler\";i:0;s:15:\"uagb\/google-map\";i:0;s:11:\"uagb\/how-to\";i:0;s:16:\"uagb\/how-to-step\";i:0;s:9:\"uagb\/icon\";i:0;s:14:\"uagb\/icon-list\";i:0;s:20:\"uagb\/icon-list-child\";i:0;s:10:\"uagb\/image\";i:0;s:18:\"uagb\/image-gallery\";i:0;s:13:\"uagb\/info-box\";i:0;s:18:\"uagb\/inline-notice\";i:0;s:11:\"uagb\/lottie\";i:0;s:21:\"uagb\/marketing-button\";i:0;s:10:\"uagb\/modal\";i:0;s:18:\"uagb\/popup-builder\";i:0;s:16:\"uagb\/post-button\";i:0;s:18:\"uagb\/post-carousel\";i:0;s:17:\"uagb\/post-excerpt\";i:0;s:14:\"uagb\/post-grid\";i:0;s:15:\"uagb\/post-image\";i:0;s:17:\"uagb\/post-masonry\";i:0;s:14:\"uagb\/post-meta\";i:0;s:18:\"uagb\/post-taxonomy\";i:0;s:18:\"uagb\/post-timeline\";i:0;s:15:\"uagb\/post-title\";i:0;s:20:\"uagb\/restaurant-menu\";i:0;s:26:\"uagb\/restaurant-menu-child\";i:0;s:11:\"uagb\/review\";i:0;s:12:\"uagb\/section\";i:0;s:14:\"uagb\/separator\";i:0;s:11:\"uagb\/slider\";i:0;s:17:\"uagb\/slider-child\";i:0;s:17:\"uagb\/social-share\";i:0;s:23:\"uagb\/social-share-child\";i:0;s:16:\"uagb\/star-rating\";i:0;s:23:\"uagb\/sure-cart-checkout\";i:0;s:22:\"uagb\/sure-cart-product\";i:0;s:15:\"uagb\/sure-forms\";i:0;s:22:\"uagb\/table-of-contents\";i:0;s:9:\"uagb\/tabs\";i:0;s:15:\"uagb\/tabs-child\";i:0;s:18:\"uagb\/taxonomy-list\";i:0;s:9:\"uagb\/team\";i:0;s:16:\"uagb\/testimonial\";i:0;s:14:\"uagb\/wp-search\";i:0;s:19:\"uagb\/instagram-feed\";i:0;s:10:\"uagb\/login\";i:0;s:17:\"uagb\/loop-builder\";i:0;s:18:\"uagb\/loop-category\";i:0;s:20:\"uagb\/loop-pagination\";i:0;s:15:\"uagb\/loop-reset\";i:0;s:16:\"uagb\/loop-search\";i:0;s:14:\"uagb\/loop-sort\";i:0;s:17:\"uagb\/loop-wrapper\";i:0;s:13:\"uagb\/register\";i:0;s:19:\"uagb\/register-email\";i:0;s:24:\"uagb\/register-first-name\";i:0;s:23:\"uagb\/register-last-name\";i:0;s:22:\"uagb\/register-password\";i:0;s:30:\"uagb\/register-reenter-password\";i:0;s:19:\"uagb\/register-terms\";i:0;s:22:\"uagb\/register-username\";i:0;}"]},"uagb_featured_image_src":{"full":false,"thumbnail":false,"medium":false,"medium_large":false,"large":false,"1536x1536":false,"2048x2048":false,"trp-custom-language-flag":false,"newspack-article-block-landscape-large":false,"newspack-article-block-portrait-large":false,"newspack-article-block-square-large":false,"newspack-article-block-landscape-medium":false,"newspack-article-block-portrait-medium":false,"newspack-article-block-square-medium":false,"newspack-article-block-landscape-intermediate":false,"newspack-article-block-portrait-intermediate":false,"newspack-article-block-square-intermediate":false,"newspack-article-block-landscape-small":false,"newspack-article-block-portrait-small":false,"newspack-article-block-square-small":false,"newspack-article-block-landscape-tiny":false,"newspack-article-block-portrait-tiny":false,"newspack-article-block-square-tiny":false,"newspack-article-block-uncropped":false},"uagb_author_info":{"display_name":"rodrigocampos10","author_link":"https:\/\/staylowsurf.com\/de\/author\/rodrigocampos10\/"},"uagb_comment_info":0,"uagb_excerpt":"Pre-payment \/ Payment To confirm a booking with Stay Low Surf, a 30% pre-payment is required. This payment should be made by bank transfer to the designated bank account provided by Stay Low Surf. Once the payment is received, your booking will be confirmed. The remaining balance must be paid upon check-in, in cash. Changing&hellip;","jetpack_likes_enabled":true,"jetpack_sharing_enabled":true,"jetpack_shortlink":"https:\/\/wp.me\/PflvEZ-C4","jetpack-related-posts":[],"_links":{"self":[{"href":"https:\/\/staylowsurf.com\/de\/wp-json\/wp\/v2\/pages\/2360","targetHints":{"allow":["GET"]}}],"collection":[{"href":"https:\/\/staylowsurf.com\/de\/wp-json\/wp\/v2\/pages"}],"about":[{"href":"https:\/\/staylowsurf.com\/de\/wp-json\/wp\/v2\/types\/page"}],"author":[{"embeddable":true,"href":"https:\/\/staylowsurf.com\/de\/wp-json\/wp\/v2\/users\/243384793"}],"replies":[{"embeddable":true,"href":"https:\/\/staylowsurf.com\/de\/wp-json\/wp\/v2\/comments?post=2360"}],"version-history":[{"count":2,"href":"https:\/\/staylowsurf.com\/de\/wp-json\/wp\/v2\/pages\/2360\/revisions"}],"predecessor-version":[{"id":2362,"href":"https:\/\/staylowsurf.com\/de\/wp-json\/wp\/v2\/pages\/2360\/revisions\/2362"}],"wp:attachment":[{"href":"https:\/\/staylowsurf.com\/de\/wp-json\/wp\/v2\/media?parent=2360"}],"curies":[{"name":"wp","href":"https:\/\/api.w.org\/{rel}","templated":true}]}}